{"id":2334,"date":"2026-01-11T22:19:12","date_gmt":"2026-01-11T22:19:12","guid":{"rendered":"https:\/\/aka-tech.com\/?page_id=2334"},"modified":"2026-02-18T01:05:49","modified_gmt":"2026-02-18T01:05:49","slug":"informatique","status":"publish","type":"page","link":"https:\/\/aka-tech.com\/index.php\/informatique\/","title":{"rendered":"Informatique"},"content":{"rendered":"<div class=\"fusion-fullwidth fullwidth-box fusion-builder-row-1 fusion-flex-container has-pattern-background has-mask-background fusion-parallax-none nonhundred-percent-fullwidth non-hundred-percent-height-scrolling lazyload fusion-animated fusion-custom-z-index\" style=\"--awb-border-radius-top-left:0px;--awb-border-radius-top-right:0px;--awb-border-radius-bottom-right:0px;--awb-border-radius-bottom-left:0px;--awb-z-index:0;--awb-padding-top:150px;--awb-padding-bottom:150px;--awb-padding-top-small:90px;--awb-padding-bottom-small:90px;--awb-margin-top:0px;--awb-background-image:linear-gradient(180deg, hsla(var(--awb-color8-h),var(--awb-color8-s),var(--awb-color8-l),calc(var(--awb-color8-a) - 40%)) 0%,hsla(var(--awb-color3-h),calc(var(--awb-color3-s) + 45%),calc(var(--awb-color3-l) - 46%),calc(var(--awb-color3-a) - 40%)) 100%);;--awb-background-size:cover;--awb-flex-wrap:wrap;--awb-animation-color:var(--awb-color8);\" data-bg=\"http:\/\/aka-tech.com\/wp-content\/uploads\/2025\/12\/COUCOUSER.png\" data-bg-gradient=\"linear-gradient(180deg, hsla(var(--awb-color8-h),var(--awb-color8-s),var(--awb-color8-l),calc(var(--awb-color8-a) - 40%)) 0%,hsla(var(--awb-color3-h),calc(var(--awb-color3-s) + 45%),calc(var(--awb-color3-l) - 46%),calc(var(--awb-color3-a) - 40%)) 100%)\" data-animationType=\"revealInLeft\" data-animationDuration=\"1.3\" data-animationOffset=\"top-into-view\" ><div class=\"awb-background-mask\" style=\"background-image:  url(data:image\/svg+xml;utf8,%3Csvg%20width%3D%221920%22%20height%3D%22954%22%20fill%3D%22none%22%20xmlns%3D%22http%3A%2F%2Fwww.w3.org%2F2000%2Fsvg%22%3E%3Cg%20clip-path%3D%22url%28%23prefix__clip0_58_745%29%22%20fill%3D%22rgba%2835%2C248%2C120%2C1%29%22%3E%3Cpath%20d%3D%22M250.018-408.977c69.019-18.494%20142.66%201.238%20193.185%2051.763L718.31-82.107c50.525%2050.525%2070.258%20124.167%2051.764%20193.185L669.378%20486.881c-18.493%2069.019-72.403%20122.928-141.421%20141.422L152.154%20728.999c-69.019%2018.493-142.66-1.239-193.186-51.764l-275.106-275.107c-50.525-50.525-70.258-124.167-51.764-193.185l100.696-375.803c18.493-69.018%2072.403-122.928%20141.421-141.421l375.803-100.696zM1646.73%201264.15c33.13%208.88%2068.48-.59%2092.73-24.84l147.89-147.89a96.031%2096.031%200%200024.85-92.732l-54.13-202.022a96.012%2096.012%200%2000-67.89-67.882l-202.02-54.132c-33.13-8.877-68.47.595-92.73%2024.847l-147.89%20147.89a95.994%2095.994%200%2000-24.84%2092.729l54.13%20202.022a95.967%2095.967%200%200067.88%2067.88l202.02%2054.13zM1572.48%20252.659a23.996%2023.996%200%200023.18%206.211l50.5-13.533a23.97%2023.97%200%200016.97-16.97l13.54-50.506a24.004%2024.004%200%2000-6.21-23.182l-36.98-36.973a23.993%2023.993%200%2000-23.18-6.211l-50.5%2013.533a24%2024%200%2000-16.98%2016.97l-13.53%2050.506a24.004%2024.004%200%20006.21%2023.182l36.98%2036.973z%22%2F%3E%3C%2Fg%3E%3Cdefs%3E%3CclipPath%20id%3D%22prefix__clip0_58_745%22%3E%3Cpath%20fill%3D%22%23fff%22%20d%3D%22M0%200h1920v954H0z%22%2F%3E%3C%2FclipPath%3E%3C%2Fdefs%3E%3C%2Fsvg%3E);opacity: 0.45 ;mix-blend-mode:normal;\"><\/div><div class=\"fusion-builder-row fusion-row fusion-flex-align-items-flex-start fusion-flex-justify-content-center fusion-flex-content-wrap\" style=\"max-width:1526.72px;margin-left: calc(-4% \/ 2 );margin-right: calc(-4% \/ 2 );\"><div class=\"fusion-layout-column fusion_builder_column fusion-builder-column-0 fusion_builder_column_2_5 2_5 fusion-flex-column\" style=\"--awb-bg-size:cover;--awb-width-large:40%;--awb-margin-top-large:0px;--awb-spacing-right-large:4.8%;--awb-margin-bottom-large:20px;--awb-spacing-left-large:4.8%;--awb-width-medium:40%;--awb-order-medium:0;--awb-spacing-right-medium:4.8%;--awb-spacing-left-medium:4.8%;--awb-width-small:100%;--awb-order-small:0;--awb-spacing-right-small:1.92%;--awb-spacing-left-small:1.92%;\"><div class=\"fusion-column-wrapper fusion-column-has-shadow fusion-flex-justify-content-flex-start fusion-content-layout-column\"><div class=\"fusion-image-element \" style=\"--awb-caption-title-font-family:var(--h2_typography-font-family);--awb-caption-title-font-weight:var(--h2_typography-font-weight);--awb-caption-title-font-style:var(--h2_typography-font-style);--awb-caption-title-size:var(--h2_typography-font-size);--awb-caption-title-transform:var(--h2_typography-text-transform);--awb-caption-title-line-height:var(--h2_typography-line-height);--awb-caption-title-letter-spacing:var(--h2_typography-letter-spacing);\"><span class=\" fusion-imageframe imageframe-none imageframe-1 hover-type-none\"><img decoding=\"async\" width=\"990\" height=\"973\" title=\"INCROYABLE\" src=\"https:\/\/aka-tech.com\/wp-content\/uploads\/2025\/12\/INCROYABLE.png\" data-orig-src=\"http:\/\/aka-tech.com\/wp-content\/uploads\/2025\/12\/INCROYABLE.png\" alt class=\"lazyload img-responsive wp-image-2312\" srcset=\"data:image\/svg+xml,%3Csvg%20xmlns%3D%27http%3A%2F%2Fwww.w3.org%2F2000%2Fsvg%27%20width%3D%27990%27%20height%3D%27973%27%20viewBox%3D%270%200%20990%20973%27%3E%3Crect%20width%3D%27990%27%20height%3D%27973%27%20fill-opacity%3D%220%22%2F%3E%3C%2Fsvg%3E\" data-srcset=\"https:\/\/aka-tech.com\/wp-content\/uploads\/2025\/12\/INCROYABLE-200x197.png 200w, https:\/\/aka-tech.com\/wp-content\/uploads\/2025\/12\/INCROYABLE-400x393.png 400w, https:\/\/aka-tech.com\/wp-content\/uploads\/2025\/12\/INCROYABLE-600x590.png 600w, https:\/\/aka-tech.com\/wp-content\/uploads\/2025\/12\/INCROYABLE-800x786.png 800w, https:\/\/aka-tech.com\/wp-content\/uploads\/2025\/12\/INCROYABLE.png 990w\" data-sizes=\"auto\" data-orig-sizes=\"(max-width: 640px) 100vw, 600px\" \/><\/span><\/div><\/div><\/div><div class=\"fusion-layout-column fusion_builder_column fusion-builder-column-1 fusion_builder_column_3_5 3_5 fusion-flex-column\" style=\"--awb-bg-size:cover;--awb-width-large:60%;--awb-margin-top-large:0px;--awb-spacing-right-large:3.2%;--awb-margin-bottom-large:20px;--awb-spacing-left-large:3.2%;--awb-width-medium:60%;--awb-order-medium:0;--awb-spacing-right-medium:3.2%;--awb-spacing-left-medium:3.2%;--awb-width-small:100%;--awb-order-small:0;--awb-spacing-right-small:1.92%;--awb-spacing-left-small:1.92%;\"><div class=\"fusion-column-wrapper fusion-column-has-shadow fusion-flex-justify-content-flex-start fusion-content-layout-column\"><div class=\"fusion-text fusion-text-1\" style=\"--awb-text-color:#ffffff;\"><div class=\"flex flex-col text-sm pb-25\">\n<article class=\"text-token-text-primary w-full focus:outline-none &#091;--shadow-height:45px&#093; has-data-writing-block:pointer-events-none has-data-writing-block:-mt-(--shadow-height) has-data-writing-block:pt-(--shadow-height) &#091;&amp;:has(&#091;data-writing-block&#093;)&gt;*&#093;:pointer-events-auto scroll-mt-&#091;calc(var(--header-height)+min(200px,max(70px,20svh)))&#093;\" dir=\"auto\" tabindex=\"-1\" data-turn-id=\"request-WEB:44560a4e-6f80-49ad-837d-1df65ba2a197-1\" data-testid=\"conversation-turn-4\" data-scroll-anchor=\"true\" data-turn=\"assistant\">\n<div class=\"text-base my-auto mx-auto pb-10 &#091;--thread-content-margin:--spacing(4)&#093; @w-sm\/main:&#091;--thread-content-margin:--spacing(6)&#093; @w-lg\/main:&#091;--thread-content-margin:--spacing(16)&#093; px-(--thread-content-margin)\">\n<div class=\"&#091;--thread-content-max-width:40rem&#093; @w-lg\/main:&#091;--thread-content-max-width:48rem&#093; mx-auto max-w-(--thread-content-max-width) flex-1 group\/turn-messages focus-visible:outline-hidden relative flex w-full min-w-0 flex-col agent-turn\" tabindex=\"-1\">\n<div class=\"flex max-w-full flex-col grow\">\n<div class=\"min-h-8 text-message relative flex w-full flex-col items-end gap-2 text-start break-words whitespace-normal &#091;.text-message+&amp;&#093;:mt-1\" dir=\"auto\" data-message-author-role=\"assistant\" data-message-id=\"8b3379e2-85cb-44c7-ba8c-6f4b778cd91b\" data-message-model-slug=\"gpt-5-2\">\n<div class=\"flex w-full flex-col gap-1 empty:hidden first:pt-&#091;1px&#093;\">\n<div class=\"markdown prose dark:prose-invert w-full wrap-break-word light markdown-new-styling\">\n<p data-start=\"113\" data-end=\"236\">Nous accompagnons les entreprises dans la mise en place d\u2019une infrastructure informatique fiable, s\u00e9curis\u00e9e et performante.<\/p>\n<ul data-start=\"238\" data-end=\"607\">\n<li data-start=\"238\" data-end=\"313\">\n<p data-start=\"240\" data-end=\"313\">Installation de serveurs et gestion des utilisateurs (Active Directory)<\/p>\n<\/li>\n<li data-start=\"314\" data-end=\"363\">\n<p data-start=\"316\" data-end=\"363\">S\u00e9curisation compl\u00e8te contre les cybermenaces<\/p>\n<\/li>\n<li data-start=\"364\" data-end=\"420\">\n<p data-start=\"366\" data-end=\"420\">Mise en place de r\u00e9seaux LAN et Wi-Fi professionnels<\/p>\n<\/li>\n<li data-start=\"421\" data-end=\"505\">\n<p data-start=\"423\" data-end=\"505\">Installation d\u2019antennes r\u00e9seau et t\u00e9l\u00e9phonie (m\u00eame en caves et grands b\u00e2timents)<\/p>\n<\/li>\n<li data-start=\"506\" data-end=\"559\">\n<p data-start=\"508\" data-end=\"559\">Cr\u00e9ation de VPN pour un acc\u00e8s s\u00e9curis\u00e9 \u00e0 distance<\/p>\n<\/li>\n<li data-start=\"560\" data-end=\"607\">\n<p data-start=\"562\" data-end=\"607\">Conception de sites internet professionnels<\/p>\n<\/li>\n<\/ul>\n<p data-start=\"609\" data-end=\"734\">Nous construisons une base solide pour que votre entreprise travaille efficacement, en toute s\u00e9curit\u00e9, aujourd\u2019hui et demain.<\/p>\n<p data-start=\"736\" data-end=\"830\" data-is-last-node=\"\" data-is-only-node=\"\">Simple, s\u00e9curis\u00e9, efficace. Parce que votre informatique doit \u00eatre un moteur, pas un probl\u00e8me.<\/p>\n<\/div>\n<\/div>\n<\/div>\n<\/div>\n<div class=\"z-0 flex min-h-&#091;46px&#093; justify-start\">&nbsp;<\/div>\n<div class=\"mt-3 w-full empty:hidden\">\n<div class=\"text-center\">&nbsp;<\/div>\n<\/div>\n<\/div>\n<\/div>\n<\/article>\n<\/div>\n<div class=\"pointer-events-none h-px w-px absolute bottom-0\" aria-hidden=\"true\" data-edge=\"true\">&nbsp;<\/div>\n<\/div><\/div><\/div><\/div><\/div>\n","protected":false},"excerpt":{"rendered":"","protected":false},"author":1,"featured_media":0,"parent":0,"menu_order":0,"comment_status":"closed","ping_status":"closed","template":"100-width.php","meta":{"footnotes":""},"class_list":["post-2334","page","type-page","status-publish","hentry"],"_links":{"self":[{"href":"https:\/\/aka-tech.com\/index.php\/wp-json\/wp\/v2\/pages\/2334","targetHints":{"allow":["GET"]}}],"collection":[{"href":"https:\/\/aka-tech.com\/index.php\/wp-json\/wp\/v2\/pages"}],"about":[{"href":"https:\/\/aka-tech.com\/index.php\/wp-json\/wp\/v2\/types\/page"}],"author":[{"embeddable":true,"href":"https:\/\/aka-tech.com\/index.php\/wp-json\/wp\/v2\/users\/1"}],"replies":[{"embeddable":true,"href":"https:\/\/aka-tech.com\/index.php\/wp-json\/wp\/v2\/comments?post=2334"}],"version-history":[{"count":2,"href":"https:\/\/aka-tech.com\/index.php\/wp-json\/wp\/v2\/pages\/2334\/revisions"}],"predecessor-version":[{"id":2386,"href":"https:\/\/aka-tech.com\/index.php\/wp-json\/wp\/v2\/pages\/2334\/revisions\/2386"}],"wp:attachment":[{"href":"https:\/\/aka-tech.com\/index.php\/wp-json\/wp\/v2\/media?parent=2334"}],"curies":[{"name":"wp","href":"https:\/\/api.w.org\/{rel}","templated":true}]}}