{"id":2332,"date":"2026-01-11T22:18:47","date_gmt":"2026-01-11T22:18:47","guid":{"rendered":"https:\/\/aka-tech.com\/?page_id=2332"},"modified":"2026-02-18T01:23:50","modified_gmt":"2026-02-18T01:23:50","slug":"controle-dacces","status":"publish","type":"page","link":"https:\/\/aka-tech.com\/index.php\/controle-dacces\/","title":{"rendered":"Contr\u00f4le d&#8217;acc\u00e8s"},"content":{"rendered":"<div class=\"fusion-fullwidth fullwidth-box fusion-builder-row-1 fusion-flex-container has-pattern-background has-mask-background fusion-parallax-none nonhundred-percent-fullwidth non-hundred-percent-height-scrolling lazyload fusion-animated fusion-custom-z-index\" style=\"--awb-border-radius-top-left:0px;--awb-border-radius-top-right:0px;--awb-border-radius-bottom-right:0px;--awb-border-radius-bottom-left:0px;--awb-z-index:0;--awb-padding-top:150px;--awb-padding-bottom:150px;--awb-padding-top-small:90px;--awb-padding-bottom-small:90px;--awb-margin-top:0px;--awb-background-image:linear-gradient(180deg, hsla(var(--awb-color8-h),var(--awb-color8-s),var(--awb-color8-l),calc(var(--awb-color8-a) - 40%)) 0%,hsla(var(--awb-color3-h),calc(var(--awb-color3-s) + 45%),calc(var(--awb-color3-l) - 46%),calc(var(--awb-color3-a) - 40%)) 100%);;--awb-background-size:cover;--awb-flex-wrap:wrap;--awb-animation-color:var(--awb-color8);\" data-bg=\"http:\/\/aka-tech.com\/wp-content\/uploads\/2025\/12\/COUCOUSER.png\" data-bg-gradient=\"linear-gradient(180deg, hsla(var(--awb-color8-h),var(--awb-color8-s),var(--awb-color8-l),calc(var(--awb-color8-a) - 40%)) 0%,hsla(var(--awb-color3-h),calc(var(--awb-color3-s) + 45%),calc(var(--awb-color3-l) - 46%),calc(var(--awb-color3-a) - 40%)) 100%)\" data-animationType=\"revealInLeft\" data-animationDuration=\"1.3\" data-animationOffset=\"top-into-view\" ><div class=\"awb-background-mask\" style=\"background-image:  url(data:image\/svg+xml;utf8,%3Csvg%20width%3D%221920%22%20height%3D%22954%22%20fill%3D%22none%22%20xmlns%3D%22http%3A%2F%2Fwww.w3.org%2F2000%2Fsvg%22%3E%3Cg%20clip-path%3D%22url%28%23prefix__clip0_58_745%29%22%20fill%3D%22rgba%2835%2C248%2C120%2C1%29%22%3E%3Cpath%20d%3D%22M250.018-408.977c69.019-18.494%20142.66%201.238%20193.185%2051.763L718.31-82.107c50.525%2050.525%2070.258%20124.167%2051.764%20193.185L669.378%20486.881c-18.493%2069.019-72.403%20122.928-141.421%20141.422L152.154%20728.999c-69.019%2018.493-142.66-1.239-193.186-51.764l-275.106-275.107c-50.525-50.525-70.258-124.167-51.764-193.185l100.696-375.803c18.493-69.018%2072.403-122.928%20141.421-141.421l375.803-100.696zM1646.73%201264.15c33.13%208.88%2068.48-.59%2092.73-24.84l147.89-147.89a96.031%2096.031%200%200024.85-92.732l-54.13-202.022a96.012%2096.012%200%2000-67.89-67.882l-202.02-54.132c-33.13-8.877-68.47.595-92.73%2024.847l-147.89%20147.89a95.994%2095.994%200%2000-24.84%2092.729l54.13%20202.022a95.967%2095.967%200%200067.88%2067.88l202.02%2054.13zM1572.48%20252.659a23.996%2023.996%200%200023.18%206.211l50.5-13.533a23.97%2023.97%200%200016.97-16.97l13.54-50.506a24.004%2024.004%200%2000-6.21-23.182l-36.98-36.973a23.993%2023.993%200%2000-23.18-6.211l-50.5%2013.533a24%2024%200%2000-16.98%2016.97l-13.53%2050.506a24.004%2024.004%200%20006.21%2023.182l36.98%2036.973z%22%2F%3E%3C%2Fg%3E%3Cdefs%3E%3CclipPath%20id%3D%22prefix__clip0_58_745%22%3E%3Cpath%20fill%3D%22%23fff%22%20d%3D%22M0%200h1920v954H0z%22%2F%3E%3C%2FclipPath%3E%3C%2Fdefs%3E%3C%2Fsvg%3E);opacity: 0.45 ;mix-blend-mode:normal;\"><\/div><div class=\"fusion-builder-row fusion-row fusion-flex-align-items-flex-start fusion-flex-justify-content-center fusion-flex-content-wrap\" style=\"max-width:1526.72px;margin-left: calc(-4% \/ 2 );margin-right: calc(-4% \/ 2 );\"><div class=\"fusion-layout-column fusion_builder_column fusion-builder-column-0 fusion_builder_column_2_5 2_5 fusion-flex-column\" style=\"--awb-bg-size:cover;--awb-width-large:40%;--awb-margin-top-large:0px;--awb-spacing-right-large:4.8%;--awb-margin-bottom-large:0px;--awb-spacing-left-large:4.8%;--awb-width-medium:40%;--awb-order-medium:0;--awb-spacing-right-medium:4.8%;--awb-spacing-left-medium:4.8%;--awb-width-small:100%;--awb-order-small:0;--awb-spacing-right-small:1.92%;--awb-spacing-left-small:1.92%;\"><div class=\"fusion-column-wrapper fusion-column-has-shadow fusion-flex-justify-content-flex-start fusion-content-layout-column\"><div class=\"fusion-image-element \" style=\"--awb-aspect-ratio:5 \/ 4;--awb-caption-title-font-family:var(--h2_typography-font-family);--awb-caption-title-font-weight:var(--h2_typography-font-weight);--awb-caption-title-font-style:var(--h2_typography-font-style);--awb-caption-title-size:var(--h2_typography-font-size);--awb-caption-title-transform:var(--h2_typography-text-transform);--awb-caption-title-line-height:var(--h2_typography-line-height);--awb-caption-title-letter-spacing:var(--h2_typography-letter-spacing);\"><span class=\" fusion-imageframe imageframe-none imageframe-1 hover-type-none has-aspect-ratio\"><img decoding=\"async\" width=\"1024\" height=\"934\" title=\"dazdazdzzz\" src=\"https:\/\/aka-tech.com\/wp-content\/uploads\/2025\/12\/dazdazdzzz.png\" data-orig-src=\"http:\/\/aka-tech.com\/wp-content\/uploads\/2025\/12\/dazdazdzzz.png\" class=\"lazyload img-responsive wp-image-2309 img-with-aspect-ratio\" data-parent-fit=\"cover\" data-parent-container=\".fusion-image-element\" alt srcset=\"data:image\/svg+xml,%3Csvg%20xmlns%3D%27http%3A%2F%2Fwww.w3.org%2F2000%2Fsvg%27%20width%3D%271024%27%20height%3D%27934%27%20viewBox%3D%270%200%201024%20934%27%3E%3Crect%20width%3D%271024%27%20height%3D%27934%27%20fill-opacity%3D%220%22%2F%3E%3C%2Fsvg%3E\" data-srcset=\"https:\/\/aka-tech.com\/wp-content\/uploads\/2025\/12\/dazdazdzzz-200x182.png 200w, https:\/\/aka-tech.com\/wp-content\/uploads\/2025\/12\/dazdazdzzz-400x365.png 400w, https:\/\/aka-tech.com\/wp-content\/uploads\/2025\/12\/dazdazdzzz-600x547.png 600w, https:\/\/aka-tech.com\/wp-content\/uploads\/2025\/12\/dazdazdzzz-800x730.png 800w, https:\/\/aka-tech.com\/wp-content\/uploads\/2025\/12\/dazdazdzzz.png 1024w\" data-sizes=\"auto\" data-orig-sizes=\"(max-width: 640px) 100vw, 600px\" \/><\/span><\/div><\/div><\/div><div class=\"fusion-layout-column fusion_builder_column fusion-builder-column-1 fusion_builder_column_3_5 3_5 fusion-flex-column\" style=\"--awb-bg-size:cover;--awb-width-large:60%;--awb-margin-top-large:0px;--awb-spacing-right-large:3.2%;--awb-margin-bottom-large:20px;--awb-spacing-left-large:3.2%;--awb-width-medium:60%;--awb-order-medium:0;--awb-spacing-right-medium:3.2%;--awb-spacing-left-medium:3.2%;--awb-width-small:100%;--awb-order-small:0;--awb-spacing-right-small:1.92%;--awb-spacing-left-small:1.92%;\"><div class=\"fusion-column-wrapper fusion-column-has-shadow fusion-flex-justify-content-flex-start fusion-content-layout-column\"><div class=\"fusion-text fusion-text-1\" style=\"--awb-text-color:#ffffff;\"><ul>\n<li data-start=\"107\" data-end=\"416\">Assurez la protection de vos b\u00e2timents gr\u00e2ce \u00e0 un syst\u00e8me de contr\u00f4le d\u2019acc\u00e8s alliant fiabilit\u00e9, simplicit\u00e9 d\u2019utilisation et haut niveau de performance. Forts de plus de 15 ann\u00e9es d\u2019expertise, nous vous accompagnons dans le choix et la mise en place d\u2019une solution parfaitement adapt\u00e9e \u00e0 votre organisation.<\/li>\n<li data-start=\"423\" data-end=\"534\">Nos syst\u00e8mes sont con\u00e7us pour \u00e9voluer en m\u00eame temps que votre activit\u00e9 et r\u00e9pondre durablement \u00e0 vos besoins.<\/li>\n<li data-start=\"541\" data-end=\"746\">Nous mettons \u00e0 votre disposition un large \u00e9ventail de technologies : solutions filaires ou sans fil, fonctionnement en ligne ou autonome, identification biom\u00e9trique, ou encore des architectures hybrides.<\/li>\n<li data-start=\"753\" data-end=\"915\">Par ailleurs, nous proposons des solutions centralis\u00e9es pour sites multiples, int\u00e9grant une gestion par niveaux d\u2019autorisation et une administration hi\u00e9rarchis\u00e9e.<\/li>\n<\/ul>\n<\/div><\/div><\/div><\/div><\/div>\n","protected":false},"excerpt":{"rendered":"","protected":false},"author":1,"featured_media":0,"parent":0,"menu_order":0,"comment_status":"closed","ping_status":"closed","template":"100-width.php","meta":{"footnotes":""},"class_list":["post-2332","page","type-page","status-publish","hentry"],"_links":{"self":[{"href":"https:\/\/aka-tech.com\/index.php\/wp-json\/wp\/v2\/pages\/2332","targetHints":{"allow":["GET"]}}],"collection":[{"href":"https:\/\/aka-tech.com\/index.php\/wp-json\/wp\/v2\/pages"}],"about":[{"href":"https:\/\/aka-tech.com\/index.php\/wp-json\/wp\/v2\/types\/page"}],"author":[{"embeddable":true,"href":"https:\/\/aka-tech.com\/index.php\/wp-json\/wp\/v2\/users\/1"}],"replies":[{"embeddable":true,"href":"https:\/\/aka-tech.com\/index.php\/wp-json\/wp\/v2\/comments?post=2332"}],"version-history":[{"count":6,"href":"https:\/\/aka-tech.com\/index.php\/wp-json\/wp\/v2\/pages\/2332\/revisions"}],"predecessor-version":[{"id":2396,"href":"https:\/\/aka-tech.com\/index.php\/wp-json\/wp\/v2\/pages\/2332\/revisions\/2396"}],"wp:attachment":[{"href":"https:\/\/aka-tech.com\/index.php\/wp-json\/wp\/v2\/media?parent=2332"}],"curies":[{"name":"wp","href":"https:\/\/api.w.org\/{rel}","templated":true}]}}