{"id":2290,"date":"2023-12-08T14:48:57","date_gmt":"2023-12-08T14:48:57","guid":{"rendered":"https:\/\/aka-tech.com\/?page_id=21"},"modified":"2026-02-18T00:59:16","modified_gmt":"2026-02-18T00:59:16","slug":"reviews","status":"publish","type":"page","link":"https:\/\/aka-tech.com\/index.php\/reviews\/","title":{"rendered":"Reviews"},"content":{"rendered":"<p><div class=\"fusion-fullwidth fullwidth-box fusion-builder-row-1 fusion-flex-container has-pattern-background has-mask-background fusion-parallax-none nonhundred-percent-fullwidth non-hundred-percent-height-scrolling lazyload fusion-animated fusion-custom-z-index\" style=\"--awb-border-color:hsla(var(--awb-color1-h),var(--awb-color1-s),var(--awb-color1-l),calc(var(--awb-color1-a) - 80%));--awb-border-radius-top-left:0px;--awb-border-radius-top-right:0px;--awb-border-radius-bottom-right:0px;--awb-border-radius-bottom-left:0px;--awb-z-index:0;--awb-padding-top:80px;--awb-padding-bottom:80px;--awb-padding-top-medium:90px;--awb-padding-bottom-medium:90px;--awb-padding-top-small:70px;--awb-padding-bottom-small:70px;--awb-margin-top:0px;--awb-background-image:linear-gradient(180deg, hsla(var(--awb-color3-h),var(--awb-color3-s),calc(var(--awb-color3-l) - 30%),calc(var(--awb-color3-a) - 20%)) 0%,hsla(var(--awb-color7-h),var(--awb-color7-s),var(--awb-color7-l),calc(var(--awb-color7-a) - 70%)) 100%);;--awb-background-size:cover;--awb-flex-wrap:wrap;--awb-animation-color:var(--awb-color8);\" data-bg=\"http:\/\/aka-tech.com\/wp-content\/uploads\/2026\/01\/Gemini_Generated_Image_2zmsbp2zmsbp2zms.png\" data-bg-gradient=\"linear-gradient(180deg, hsla(var(--awb-color3-h),var(--awb-color3-s),calc(var(--awb-color3-l) - 30%),calc(var(--awb-color3-a) - 20%)) 0%,hsla(var(--awb-color7-h),var(--awb-color7-s),var(--awb-color7-l),calc(var(--awb-color7-a) - 70%)) 100%)\" data-animationType=\"revealInLeft\" data-animationDuration=\"1.3\" data-animationOffset=\"top-into-view\" ><div class=\"awb-background-mask\" style=\"background-image:  url(data:image\/svg+xml;utf8,%3Csvg%20width%3D%221920%22%20height%3D%22954%22%20fill%3D%22none%22%20xmlns%3D%22http%3A%2F%2Fwww.w3.org%2F2000%2Fsvg%22%3E%3Cpath%20fill-rule%3D%22evenodd%22%20clip-rule%3D%22evenodd%22%20d%3D%22M1825.81%20268.638c-6.34%209.063-8.07%2020.566-5.16%2031.236%204.79%2017.562%207.35%2036.045%207.35%2055.126%200%2096.169-64.95%20177.168-153.38%20201.519-20.69%205.696-34.4%2028.702-29.1%2049.493%203.59%2014.108%2015.52%2025.271%2029.92%2027.399C1783.26%20649.339%201866%20742.257%201866%20854.5c0%2035.748-8.39%2069.535-23.31%2099.5H1920V0h-41.08c5.29%2023.823%208.08%2048.586%208.08%2074%200%2072.392-22.62%20139.5-61.19%20194.638zM1215.08%200c-5.29%2023.823-8.08%2048.586-8.08%2074%200%2046.922%209.5%2091.624%2026.69%20132.285%207.71%2018.227-.51%2039.945-17.44%2050.19C1160.96%20289.938%201124%20350.653%201124%20420c0%2010.258.81%2020.327%202.37%2030.146%203.08%2019.43-15.7%2040.854-35.37%2040.854-93.888%200-170%2076.112-170%20170s76.112%20170%20170%20170c41.09%200%2078.78-14.579%20108.17-38.847%2021.89-18.078%2066.76-16.212%2085.59%205.041%2027.99%2031.604%2065.37%2054.706%20107.77%2064.945%2015.25%203.684%2027.18%2016.239%2029.92%2031.69A221.86%20221.86%200%20001442.31%20954H0V0h1215.08z%22%20fill%3D%22rgba%280%2C0%2C0%2C1%29%22%2F%3E%3C%2Fsvg%3E);opacity: 1 ;transform: scale(1, -1);mix-blend-mode:normal;\"><\/div><div class=\"fusion-builder-row fusion-row fusion-flex-align-items-flex-start fusion-flex-content-wrap\" style=\"max-width:1526.72px;margin-left: calc(-4% \/ 2 );margin-right: calc(-4% \/ 2 );\"><div class=\"fusion-layout-column fusion_builder_column fusion-builder-column-0 fusion_builder_column_1_1 1_1 fusion-flex-column\" style=\"--awb-bg-size:cover;--awb-width-large:100%;--awb-margin-top-large:0px;--awb-spacing-right-large:1.92%;--awb-margin-bottom-large:20px;--awb-spacing-left-large:1.92%;--awb-width-medium:100%;--awb-order-medium:0;--awb-spacing-right-medium:1.92%;--awb-spacing-left-medium:1.92%;--awb-width-small:100%;--awb-order-small:0;--awb-spacing-right-small:1.92%;--awb-spacing-left-small:1.92%;\"><div class=\"fusion-column-wrapper fusion-column-has-shadow fusion-flex-justify-content-flex-start fusion-content-layout-column\"><div class=\"fusion-text fusion-text-1\" style=\"--awb-text-color:#ffffff;\"><p data-fusion-font=\"true\" style=\"font-size: 35px;\">S\u00e9curit\u00e9 et efficacit\u00e9 sont au c\u0153ur de nos valeurs.<\/p>\n<\/div><\/div><\/div><div class=\"fusion-layout-column fusion_builder_column fusion-builder-column-1 fusion_builder_column_1_2 1_2 fusion-flex-column fusion-animated\" style=\"--awb-bg-size:cover;--awb-width-large:50%;--awb-margin-top-large:0px;--awb-spacing-right-large:3.84%;--awb-margin-bottom-large:0px;--awb-spacing-left-large:3.84%;--awb-width-medium:100%;--awb-order-medium:0;--awb-spacing-right-medium:1.92%;--awb-spacing-left-medium:1.92%;--awb-width-small:100%;--awb-order-small:0;--awb-spacing-right-small:1.92%;--awb-spacing-left-small:1.92%;\" data-animationType=\"fadeInUp\" data-animationDuration=\"0.3\" data-animationOffset=\"top-into-view\"><div class=\"fusion-column-wrapper fusion-column-has-shadow fusion-flex-justify-content-flex-start fusion-content-layout-column\"><div class=\"fusion-text fusion-text-2 fusion-text-no-margin\" style=\"--awb-content-alignment:left;--awb-text-color:var(--awb-color1);\"><p> <span data-fusion-font=\"true\" style=\"font-size: 34px;\">S\u00fbr. Efficace. Durable.<\/span><\/p>\n<\/div><\/div><\/div><\/div><\/div><div class=\"fusion-fullwidth fullwidth-box fusion-builder-row-2 fusion-flex-container has-pattern-background has-mask-background nonhundred-percent-fullwidth non-hundred-percent-height-scrolling fusion-animated fusion-custom-z-index\" style=\"--awb-border-radius-top-left:0px;--awb-border-radius-top-right:0px;--awb-border-radius-bottom-right:0px;--awb-border-radius-bottom-left:0px;--awb-z-index:9999;--awb-padding-top:90px;--awb-padding-bottom:90px;--awb-background-color:var(--awb-color7);--awb-flex-wrap:wrap;\" data-animationType=\"fadeInUp\" data-animationDuration=\"0.9\" data-animationOffset=\"top-into-view\" ><div class=\"fusion-builder-row fusion-row fusion-flex-align-items-stretch fusion-flex-content-wrap\" style=\"max-width:calc( 1468px + 0px );margin-left: calc(-0px \/ 2 );margin-right: calc(-0px \/ 2 );\"><div class=\"fusion-layout-column fusion_builder_column fusion-builder-column-2 fusion_builder_column_3_5 3_5 fusion-flex-column\" style=\"--awb-padding-top:100px;--awb-padding-right:10px;--awb-padding-bottom:100px;--awb-padding-left:80px;--awb-padding-top-medium:60px;--awb-padding-right-medium:55px;--awb-padding-bottom-medium:60px;--awb-padding-left-medium:55px;--awb-overflow:hidden;--awb-bg-position:center center;--awb-bg-size:cover;--awb-border-radius:30px 0px 0px 30px;--awb-width-large:60%;--awb-margin-top-large:0px;--awb-spacing-right-large:0px;--awb-margin-bottom-large:0px;--awb-spacing-left-large:0px;--awb-width-medium:60%;--awb-order-medium:0;--awb-spacing-right-medium:0px;--awb-spacing-left-medium:0px;--awb-width-small:100%;--awb-order-small:0;--awb-spacing-right-small:0px;--awb-spacing-left-small:0px;\"><div class=\"fusion-column-wrapper lazyload fusion-column-has-shadow fusion-flex-justify-content-center fusion-content-layout-column fusion-column-has-bg-image\" data-bg-url=\"http:\/\/aka-tech.com\/wp-content\/uploads\/2023\/12\/hero-2-scaled-1.jpg\" data-bg=\"http:\/\/aka-tech.com\/wp-content\/uploads\/2023\/12\/hero-2-scaled-1.jpg\"><div class=\"fusion-title title fusion-title-1 fusion-no-small-visibility fusion-no-medium-visibility fusion-sep-none fusion-title-text fusion-title-size-two fusion-animated\" style=\"--awb-text-color:var(--awb-color1);--awb-margin-top:0px;--awb-margin-right:15%;--awb-margin-bottom:35px;--awb-text-stroke-size:0px;--awb-font-size:54px;\" data-animationType=\"bounceInLeft\" data-animationDuration=\"0.3\" data-animationOffset=\"top-into-view\"><h2 class=\"fusion-title-heading title-heading-left\" style=\"margin:0;text-transform:none;font-size:1em;line-height:60px;\"><pre>Anticiper les risques<br>aujourd\u2019hui pour garantir <br>votre tranquillit\u00e9 demain.<\/pre><\/h2><\/div><div class=\"fusion-title title fusion-title-2 fusion-no-large-visibility fusion-sep-none fusion-title-text fusion-title-size-two\" style=\"--awb-text-color:var(--awb-color1);--awb-margin-top:0px;--awb-margin-right:15%;--awb-margin-bottom:35px;--awb-font-size:34px;\"><h2 class=\"fusion-title-heading title-heading-left\" style=\"margin:0;font-size:1em;line-height:42px;\">&#8220;I love Avada Vape! They have the best products and service in town.&#8221;<\/h2><\/div><div class=\"fusion-text fusion-text-3\" style=\"--awb-content-alignment:left;--awb-text-color:var(--awb-color1);--awb-margin-right:20%;\"><p>Notre engagement envers l\u2019innovation, la qualit\u00e9 et les personnes. Chaque projet est une opportunit\u00e9 de repousser les limites et de cr\u00e9er un impact positif. Avec AKA TECH, vous choisissez un partenaire qui transforme les d\u00e9fis en solutions et les id\u00e9es en r\u00e9alit\u00e9s.<\/p>\n<\/div><\/div><\/div><div class=\"fusion-layout-column fusion_builder_column fusion-builder-column-3 fusion_builder_column_2_5 2_5 fusion-flex-column fusion-flex-align-self-stretch\" style=\"--awb-overflow:hidden;--awb-bg-position:center center;--awb-bg-size:cover;--awb-border-radius:0px 33px 33px 0px;--awb-width-large:40%;--awb-margin-top-large:0px;--awb-spacing-right-large:0px;--awb-margin-bottom-large:0px;--awb-spacing-left-large:0px;--awb-width-medium:40%;--awb-order-medium:0;--awb-spacing-right-medium:0px;--awb-spacing-left-medium:0px;--awb-width-small:100%;--awb-order-small:0;--awb-spacing-right-small:0px;--awb-spacing-left-small:0px;\"><div class=\"fusion-column-wrapper lazyload fusion-column-has-shadow fusion-flex-justify-content-flex-start fusion-content-layout-column fusion-empty-column-bg-image fusion-column-has-bg-image\" data-bg-url=\"http:\/\/aka-tech.com\/wp-content\/uploads\/2026\/01\/Gemini_Generated_Image_fc675nfc675nfc67.png\" data-bg=\"http:\/\/aka-tech.com\/wp-content\/uploads\/2026\/01\/Gemini_Generated_Image_fc675nfc675nfc67.png\"><img decoding=\"async\" class=\"fusion-empty-dims-img-placeholder fusion-no-large-visibility fusion-no-medium-visibility\" aria-label=\"Gemini_Generated_Image_fc675nfc675nfc67\" src=\"data:image\/svg+xml,%3Csvg%20xmlns%3D%27http%3A%2F%2Fwww.w3.org%2F2000%2Fsvg%27%20width%3D%271024%27%20height%3D%271024%27%20viewBox%3D%270%200%201024%201024%27%3E%3Crect%20width%3D%271024%27%20height%3D%271024%27%20fill-opacity%3D%220%22%2F%3E%3C%2Fsvg%3E\"><\/div><\/div><\/div><\/div><div class=\"fusion-fullwidth fullwidth-box fusion-builder-row-3 fusion-flex-container has-pattern-background has-mask-background fusion-parallax-none nonhundred-percent-fullwidth non-hundred-percent-height-scrolling lazyload fusion-animated fusion-custom-z-index\" style=\"--awb-border-radius-top-left:0px;--awb-border-radius-top-right:0px;--awb-border-radius-bottom-right:0px;--awb-border-radius-bottom-left:0px;--awb-z-index:9999;--awb-padding-top:90px;--awb-padding-bottom:90px;--awb-background-color:rgba(112,201,74,0.41);--awb-background-size:cover;--awb-flex-wrap:wrap;\" data-bg=\"http:\/\/aka-tech.com\/wp-content\/uploads\/2026\/01\/Gemini_Generated_Image_fx4yd9fx4yd9fx4y.png\" data-animationType=\"fadeInUp\" data-animationDuration=\"0.9\" data-animationOffset=\"top-into-view\" ><div class=\"fusion-builder-row fusion-row fusion-flex-align-items-stretch fusion-flex-content-wrap\" style=\"max-width:calc( 1468px + 0px );margin-left: calc(-0px \/ 2 );margin-right: calc(-0px \/ 2 );\"><div class=\"fusion-layout-column fusion_builder_column fusion-builder-column-4 fusion_builder_column_2_5 2_5 fusion-flex-column fusion-flex-align-self-stretch\" style=\"--awb-overflow:hidden;--awb-bg-position:center center;--awb-bg-size:cover;--awb-border-radius:33px 0px 0px 33px;--awb-width-large:40%;--awb-margin-top-large:0px;--awb-spacing-right-large:0px;--awb-margin-bottom-large:0px;--awb-spacing-left-large:0px;--awb-width-medium:40%;--awb-order-medium:0;--awb-spacing-right-medium:0px;--awb-spacing-left-medium:0px;--awb-width-small:100%;--awb-order-small:0;--awb-spacing-right-small:0px;--awb-spacing-left-small:0px;\"><div class=\"fusion-column-wrapper lazyload fusion-column-has-shadow fusion-flex-justify-content-flex-start fusion-content-layout-column fusion-empty-column-bg-image fusion-column-has-bg-image\" data-bg-url=\"http:\/\/aka-tech.com\/wp-content\/uploads\/2026\/01\/Gemini_Generated_Image_bpdjuvbpdjuvbpdj.png\" data-bg=\"http:\/\/aka-tech.com\/wp-content\/uploads\/2026\/01\/Gemini_Generated_Image_bpdjuvbpdjuvbpdj.png\"><img decoding=\"async\" class=\"fusion-empty-dims-img-placeholder fusion-no-large-visibility fusion-no-medium-visibility\" aria-label=\"Gemini_Generated_Image_bpdjuvbpdjuvbpdj\" src=\"data:image\/svg+xml,%3Csvg%20xmlns%3D%27http%3A%2F%2Fwww.w3.org%2F2000%2Fsvg%27%20width%3D%271024%27%20height%3D%271024%27%20viewBox%3D%270%200%201024%201024%27%3E%3Crect%20width%3D%271024%27%20height%3D%271024%27%20fill-opacity%3D%220%22%2F%3E%3C%2Fsvg%3E\"><\/div><\/div><div class=\"fusion-layout-column fusion_builder_column fusion-builder-column-5 fusion_builder_column_3_5 3_5 fusion-flex-column\" style=\"--awb-padding-top:120px;--awb-padding-right:100px;--awb-padding-bottom:100px;--awb-padding-left:100px;--awb-padding-top-medium:60px;--awb-padding-right-medium:55px;--awb-padding-bottom-medium:60px;--awb-padding-left-medium:55px;--awb-overflow:hidden;--awb-bg-position:center center;--awb-bg-size:cover;--awb-border-radius:0px 33px 33px 0px;--awb-width-large:60%;--awb-margin-top-large:0px;--awb-spacing-right-large:0px;--awb-margin-bottom-large:0px;--awb-spacing-left-large:0px;--awb-width-medium:60%;--awb-order-medium:0;--awb-spacing-right-medium:0px;--awb-spacing-left-medium:0px;--awb-width-small:100%;--awb-order-small:0;--awb-spacing-right-small:0px;--awb-spacing-left-small:0px;\"><div class=\"fusion-column-wrapper lazyload fusion-column-has-shadow fusion-flex-justify-content-flex-start fusion-content-layout-column fusion-column-has-bg-image\" data-bg-url=\"http:\/\/aka-tech.com\/wp-content\/uploads\/2023\/12\/hero-2-scaled-1.jpg\" data-bg=\"http:\/\/aka-tech.com\/wp-content\/uploads\/2023\/12\/hero-2-scaled-1.jpg\"><div class=\"fusion-title title fusion-title-3 fusion-no-small-visibility fusion-no-medium-visibility fusion-sep-none fusion-title-text fusion-title-size-two\" style=\"--awb-text-color:var(--awb-color1);--awb-margin-top:0px;--awb-margin-right:15%;--awb-margin-bottom:35px;--awb-font-size:54px;\"><h2 class=\"fusion-title-heading title-heading-left\" style=\"margin:0;font-size:1em;line-height:60px;\"><h2 class=\"jw-heading-100\">Notre histoire<\/h2><\/h2><\/div><div class=\"fusion-title title fusion-title-4 fusion-no-large-visibility fusion-sep-none fusion-title-text fusion-title-size-two\" style=\"--awb-text-color:var(--awb-color1);--awb-margin-top:0px;--awb-margin-right:15%;--awb-margin-bottom:35px;--awb-font-size:34px;\"><h2 class=\"fusion-title-heading title-heading-left\" style=\"margin:0;font-size:1em;line-height:42px;\">&#8220;They have a friendly and knowledgeable staff who can help you with any questions.&#8221;<\/h2><\/div><div class=\"fusion-text fusion-text-4\" style=\"--awb-content-alignment:left;--awb-text-color:var(--awb-color1);--awb-margin-right:20%;\"><p>AKA TECH est n\u00e9e de la vision de deux ing\u00e9nieurs passionn\u00e9s, qui r\u00eavaient de r\u00e9volutionner le secteur des services Multi-techniques en Belgique. Leur objectif \u00e9tait simple mais ambitieux : offrir des solutions technologiques int\u00e9gr\u00e9es qui allient efficacit\u00e9, s\u00e9curit\u00e9 et innovation. ils ont commenc\u00e9 par des installations \u00e9lectriques r\u00e9sidentielles, tout en d\u00e9veloppant progressivement leur expertise dans des diff\u00e9rent mod\u00e8le domaines.<\/p>\n<\/div><\/div><\/div><\/div><\/div><\/p>\n","protected":false},"excerpt":{"rendered":"","protected":false},"author":1,"featured_media":0,"parent":0,"menu_order":0,"comment_status":"closed","ping_status":"closed","template":"100-width.php","meta":{"footnotes":""},"class_list":["post-2290","page","type-page","status-publish","hentry"],"_links":{"self":[{"href":"https:\/\/aka-tech.com\/index.php\/wp-json\/wp\/v2\/pages\/2290","targetHints":{"allow":["GET"]}}],"collection":[{"href":"https:\/\/aka-tech.com\/index.php\/wp-json\/wp\/v2\/pages"}],"about":[{"href":"https:\/\/aka-tech.com\/index.php\/wp-json\/wp\/v2\/types\/page"}],"author":[{"embeddable":true,"href":"https:\/\/aka-tech.com\/index.php\/wp-json\/wp\/v2\/users\/1"}],"replies":[{"embeddable":true,"href":"https:\/\/aka-tech.com\/index.php\/wp-json\/wp\/v2\/comments?post=2290"}],"version-history":[{"count":14,"href":"https:\/\/aka-tech.com\/index.php\/wp-json\/wp\/v2\/pages\/2290\/revisions"}],"predecessor-version":[{"id":2380,"href":"https:\/\/aka-tech.com\/index.php\/wp-json\/wp\/v2\/pages\/2290\/revisions\/2380"}],"wp:attachment":[{"href":"https:\/\/aka-tech.com\/index.php\/wp-json\/wp\/v2\/media?parent=2290"}],"curies":[{"name":"wp","href":"https:\/\/api.w.org\/{rel}","templated":true}]}}