{"id":17,"date":"2023-12-08T14:48:34","date_gmt":"2023-12-08T14:48:34","guid":{"rendered":"https:\/\/aka-tech.com\/?page_id=17"},"modified":"2026-02-18T01:51:52","modified_gmt":"2026-02-18T01:51:52","slug":"about-3","status":"publish","type":"page","link":"https:\/\/aka-tech.com\/index.php\/about-3\/","title":{"rendered":"About"},"content":{"rendered":"<p><div class=\"fusion-fullwidth fullwidth-box fusion-builder-row-1 fusion-flex-container has-pattern-background has-mask-background fusion-parallax-none nonhundred-percent-fullwidth non-hundred-percent-height-scrolling lazyload fusion-animated fusion-custom-z-index\" style=\"--awb-border-radius-top-left:0px;--awb-border-radius-top-right:0px;--awb-border-radius-bottom-right:0px;--awb-border-radius-bottom-left:0px;--awb-z-index:0;--awb-padding-top:150px;--awb-padding-bottom:150px;--awb-padding-top-small:90px;--awb-padding-bottom-small:90px;--awb-margin-top:0px;--awb-background-image:linear-gradient(180deg, hsla(var(--awb-color8-h),var(--awb-color8-s),var(--awb-color8-l),calc(var(--awb-color8-a) - 40%)) 0%,hsla(var(--awb-color3-h),calc(var(--awb-color3-s) + 45%),calc(var(--awb-color3-l) - 46%),calc(var(--awb-color3-a) - 40%)) 100%);;--awb-background-size:cover;--awb-flex-wrap:wrap;--awb-animation-color:var(--awb-color8);\" data-bg=\"http:\/\/aka-tech.com\/wp-content\/uploads\/2025\/12\/COUCOUSER.png\" data-bg-gradient=\"linear-gradient(180deg, hsla(var(--awb-color8-h),var(--awb-color8-s),var(--awb-color8-l),calc(var(--awb-color8-a) - 40%)) 0%,hsla(var(--awb-color3-h),calc(var(--awb-color3-s) + 45%),calc(var(--awb-color3-l) - 46%),calc(var(--awb-color3-a) - 40%)) 100%)\" data-animationType=\"revealInLeft\" data-animationDuration=\"1.3\" data-animationOffset=\"top-into-view\" ><div class=\"awb-background-mask\" style=\"background-image:  url(data:image\/svg+xml;utf8,%3Csvg%20width%3D%221920%22%20height%3D%22954%22%20fill%3D%22none%22%20xmlns%3D%22http%3A%2F%2Fwww.w3.org%2F2000%2Fsvg%22%3E%3Cg%20clip-path%3D%22url%28%23prefix__clip0_58_745%29%22%20fill%3D%22rgba%2835%2C248%2C120%2C1%29%22%3E%3Cpath%20d%3D%22M250.018-408.977c69.019-18.494%20142.66%201.238%20193.185%2051.763L718.31-82.107c50.525%2050.525%2070.258%20124.167%2051.764%20193.185L669.378%20486.881c-18.493%2069.019-72.403%20122.928-141.421%20141.422L152.154%20728.999c-69.019%2018.493-142.66-1.239-193.186-51.764l-275.106-275.107c-50.525-50.525-70.258-124.167-51.764-193.185l100.696-375.803c18.493-69.018%2072.403-122.928%20141.421-141.421l375.803-100.696zM1646.73%201264.15c33.13%208.88%2068.48-.59%2092.73-24.84l147.89-147.89a96.031%2096.031%200%200024.85-92.732l-54.13-202.022a96.012%2096.012%200%2000-67.89-67.882l-202.02-54.132c-33.13-8.877-68.47.595-92.73%2024.847l-147.89%20147.89a95.994%2095.994%200%2000-24.84%2092.729l54.13%20202.022a95.967%2095.967%200%200067.88%2067.88l202.02%2054.13zM1572.48%20252.659a23.996%2023.996%200%200023.18%206.211l50.5-13.533a23.97%2023.97%200%200016.97-16.97l13.54-50.506a24.004%2024.004%200%2000-6.21-23.182l-36.98-36.973a23.993%2023.993%200%2000-23.18-6.211l-50.5%2013.533a24%2024%200%2000-16.98%2016.97l-13.53%2050.506a24.004%2024.004%200%20006.21%2023.182l36.98%2036.973z%22%2F%3E%3C%2Fg%3E%3Cdefs%3E%3CclipPath%20id%3D%22prefix__clip0_58_745%22%3E%3Cpath%20fill%3D%22%23fff%22%20d%3D%22M0%200h1920v954H0z%22%2F%3E%3C%2FclipPath%3E%3C%2Fdefs%3E%3C%2Fsvg%3E);opacity: 0.45 ;mix-blend-mode:normal;\"><\/div><div class=\"fusion-builder-row fusion-row fusion-flex-align-items-flex-start fusion-flex-justify-content-center fusion-flex-content-wrap\" style=\"max-width:1526.72px;margin-left: calc(-4% \/ 2 );margin-right: calc(-4% \/ 2 );\"><div class=\"fusion-layout-column fusion_builder_column fusion-builder-column-0 fusion_builder_column_2_3 2_3 fusion-flex-column fusion-animated\" style=\"--awb-bg-size:cover;--awb-width-large:66.666666666667%;--awb-margin-top-large:0px;--awb-spacing-right-large:2.88%;--awb-margin-bottom-large:0px;--awb-spacing-left-large:2.88%;--awb-width-medium:100%;--awb-order-medium:0;--awb-spacing-right-medium:1.92%;--awb-spacing-left-medium:1.92%;--awb-width-small:100%;--awb-order-small:0;--awb-spacing-right-small:1.92%;--awb-spacing-left-small:1.92%;\" data-animationType=\"fadeInUp\" data-animationDuration=\"0.3\" data-animationOffset=\"top-into-view\"><div class=\"fusion-column-wrapper fusion-column-has-shadow fusion-flex-justify-content-flex-start fusion-content-layout-column\"><div class=\"fusion-title title fusion-title-1 fusion-sep-none fusion-title-center fusion-title-text fusion-title-size-one\" style=\"--awb-text-color:var(--awb-color1);--awb-margin-top:0px;--awb-margin-right:5%;--awb-margin-bottom:20px;--awb-margin-left:5%;--awb-margin-top-small:0px;\"><h1 class=\"fusion-title-heading title-heading-center\" style=\"margin:0;\">Nos services<\/h1><\/div><div class=\"fusion-text fusion-text-1 fusion-text-no-margin\" style=\"--awb-content-alignment:center;--awb-text-color:var(--awb-color1);--awb-margin-right:20%;--awb-margin-left:20%;\"><p>Explorez ici tous nos services, r\u00e9unis pour vous offrir des solutions fiables, modernes et s\u00e9curis\u00e9es.<\/p>\n<\/div><\/div><\/div><\/div><\/div><div class=\"fusion-fullwidth fullwidth-box fusion-builder-row-2 fusion-flex-container fusion-parallax-none nonhundred-percent-fullwidth non-hundred-percent-height-scrolling lazyload\" style=\"--awb-border-radius-top-left:0px;--awb-border-radius-top-right:0px;--awb-border-radius-bottom-right:0px;--awb-border-radius-bottom-left:0px;--awb-padding-top:100px;--awb-padding-bottom:80px;--awb-padding-top-small:60px;--awb-padding-bottom-small:60px;--awb-background-color:var(--awb-color2);--awb-background-size:cover;--awb-flex-wrap:wrap;\" data-bg=\"http:\/\/aka-tech.com\/wp-content\/uploads\/2026\/01\/Gemini_Generated_Image_fx4yd9fx4yd9fx4y.png\" ><div class=\"fusion-builder-row fusion-row fusion-flex-align-items-flex-start fusion-flex-content-wrap\" style=\"max-width:1526.72px;margin-left: calc(-4% \/ 2 );margin-right: calc(-4% \/ 2 );\"><div class=\"fusion-layout-column fusion_builder_column fusion-builder-column-1 fusion_builder_column_1_1 1_1 fusion-flex-column\" style=\"--awb-bg-size:cover;--awb-width-large:100%;--awb-margin-top-large:0px;--awb-spacing-right-large:1.92%;--awb-margin-bottom-large:0px;--awb-spacing-left-large:1.92%;--awb-width-medium:100%;--awb-order-medium:0;--awb-spacing-right-medium:1.92%;--awb-spacing-left-medium:1.92%;--awb-width-small:100%;--awb-order-small:0;--awb-spacing-right-small:1.92%;--awb-spacing-left-small:1.92%;\"><div class=\"fusion-column-wrapper fusion-column-has-shadow fusion-flex-justify-content-flex-start fusion-content-layout-column\"><div class=\"fusion-content-boxes content-boxes columns row fusion-columns-3 fusion-columns-total-3 fusion-content-boxes-1 content-boxes-icon-on-top content-left has-flex-alignment fusion-delayed-animation\" style=\"--awb-backgroundcolor:var(--awb-color1);--awb-border-radius-top-left:12px;--awb-border-radius-top-right:12px;--awb-border-radius-bottom-right:12px;--awb-border-radius-bottom-left:12px;--awb-alignment:stretch;--awb-iconcolor:var(--awb-color6);--awb-margin-bottom:0px;--awb-hover-accent-color:var(--awb-color8);--awb-circle-hover-accent-color:transparent;\" data-animation-delay=\"300\" data-animationOffset=\"top-into-view\"><div style=\"--awb-backgroundcolor:var(--awb-color1);--awb-iconcolor:var(--awb-color6);\" class=\"fusion-column content-box-column content-box-column content-box-column-1 col-lg-4 col-md-4 col-sm-4 fusion-content-box-hover content-box-column-first-in-row\"><div class=\"col content-box-wrapper content-wrapper-background link-area-link-icon link-type-text icon-hover-animation-fade fusion-animated\" data-animationType=\"bounceInLeft\" data-animationDuration=\"0.3\" data-animationOffset=\"top-into-view\"><div class=\"heading heading-with-icon icon-left\"><a class=\"heading-link\" href=\"https:\/\/aka-tech.com\/index.php\/blog-2\/\" target=\"_self\"><div aria-hidden=\"true\" class=\"image\"><img decoding=\"async\" class=\"lazyload\" src=\"data:image\/svg+xml,%3Csvg%20xmlns%3D%27http%3A%2F%2Fwww.w3.org%2F2000%2Fsvg%27%20width%3D%271021%27%20height%3D%27901%27%20viewBox%3D%270%200%201021%20901%27%3E%3Crect%20width%3D%271021%27%20height%3D%27901%27%20fill-opacity%3D%220%22%2F%3E%3C%2Fsvg%3E\" data-orig-src=\"http:\/\/aka-tech.com\/wp-content\/uploads\/2025\/12\/fezfezfz.png\" width=\"1021\" height=\"901\" alt=\"\" \/><\/div><h2 class=\"content-box-heading\" style=\"--h2_typography-font-size:24px;line-height:29px;\">\u00c9lectrit\u00e9<\/h2><\/a><\/div><div class=\"fusion-clearfix\"><\/div><div class=\"content-container\">\n<p>Nous r\u00e9alisons et mettons en conformit\u00e9 toutes vos installations \u00e9lectriques, neuves ou r\u00e9nov\u00e9es, dans le respect des normes de s\u00e9curit\u00e9.<\/p>\n<\/div><div class=\"fusion-clearfix\"><\/div><a class=\" fusion-read-more\" href=\"https:\/\/aka-tech.com\/index.php\/blog-2\/\" target=\"_self\">Voir plus<\/a><div class=\"fusion-clearfix\"><\/div><\/div><\/div><div style=\"--awb-backgroundcolor:var(--awb-color1);--awb-iconcolor:var(--awb-color6);\" class=\"fusion-column content-box-column content-box-column content-box-column-2 col-lg-4 col-md-4 col-sm-4 fusion-content-box-hover \"><div class=\"col content-box-wrapper content-wrapper-background link-area-link-icon link-type-text icon-hover-animation-fade fusion-animated\" data-animationType=\"fadeInUp\" data-animationDuration=\"0.3\" data-animationOffset=\"top-into-view\"><div class=\"heading heading-with-icon icon-left\"><a class=\"heading-link\" href=\"https:\/\/aka-tech.com\/index.php\/domotique\/\" target=\"_self\"><div aria-hidden=\"true\" class=\"image\"><img decoding=\"async\" class=\"lazyload\" src=\"data:image\/svg+xml,%3Csvg%20xmlns%3D%27http%3A%2F%2Fwww.w3.org%2F2000%2Fsvg%27%20width%3D%271022%27%20height%3D%27889%27%20viewBox%3D%270%200%201022%20889%27%3E%3Crect%20width%3D%271022%27%20height%3D%27889%27%20fill-opacity%3D%220%22%2F%3E%3C%2Fsvg%3E\" data-orig-src=\"http:\/\/aka-tech.com\/wp-content\/uploads\/2025\/12\/fefefeeeeee.png\" width=\"1022\" height=\"889\" alt=\"\" \/><\/div><h2 class=\"content-box-heading\" style=\"--h2_typography-font-size:24px;line-height:29px;\">domotique<\/h2><\/a><\/div><div class=\"fusion-clearfix\"><\/div><div class=\"content-container\">\n<p>Nous installons et configurons des solutions domotiques compl\u00e8tes pour optimiser le confort, la s\u00e9curit\u00e9 et l\u2019efficacit\u00e9 \u00e9nerg\u00e9tique de votre habitation.<\/p>\n<\/div><div class=\"fusion-clearfix\"><\/div><a class=\" fusion-read-more\" href=\"https:\/\/aka-tech.com\/index.php\/domotique\/\" target=\"_self\">Voir plus<\/a><div class=\"fusion-clearfix\"><\/div><\/div><\/div><div style=\"--awb-backgroundcolor:var(--awb-color1);--awb-iconcolor:var(--awb-color6);\" class=\"fusion-column content-box-column content-box-column content-box-column-3 col-lg-4 col-md-4 col-sm-4 fusion-content-box-hover content-box-column-last content-box-column-last-in-row\"><div class=\"col content-box-wrapper content-wrapper-background link-area-link-icon link-type-text icon-hover-animation-fade fusion-animated\" data-animationType=\"fadeInUp\" data-animationDuration=\"0.3\" data-animationOffset=\"top-into-view\"><div class=\"heading heading-with-icon icon-left\"><a class=\"heading-link\" href=\"https:\/\/aka-tech.com\/index.php\/securite-video\/\" target=\"_self\"><div aria-hidden=\"true\" class=\"image\"><img decoding=\"async\" class=\"lazyload\" src=\"data:image\/svg+xml,%3Csvg%20xmlns%3D%27http%3A%2F%2Fwww.w3.org%2F2000%2Fsvg%27%20width%3D%271024%27%20height%3D%27934%27%20viewBox%3D%270%200%201024%20934%27%3E%3Crect%20width%3D%271024%27%20height%3D%27934%27%20fill-opacity%3D%220%22%2F%3E%3C%2Fsvg%3E\" data-orig-src=\"http:\/\/aka-tech.com\/wp-content\/uploads\/2025\/12\/dazdazdzzz.png\" width=\"1024\" height=\"934\" alt=\"\" \/><\/div><h2 class=\"content-box-heading\" style=\"--h2_typography-font-size:24px;line-height:29px;\">S\u00e9curit\u00e9 Vid\u00e9o<\/h2><\/a><\/div><div class=\"fusion-clearfix\"><\/div><div class=\"content-container\">\n<p>Nous assurons la s\u00e9curit\u00e9 de vos locaux avec des syst\u00e8mes de vid\u00e9osurveillance modernes, fiables et conformes aux normes l\u00e9gales, de la planification \u00e0 l\u2019installation compl\u00e8te.<\/p>\n<\/div><div class=\"fusion-clearfix\"><\/div><a class=\" fusion-read-more\" href=\"https:\/\/aka-tech.com\/index.php\/securite-video\/\" target=\"_self\">Voir plus<\/a><div class=\"fusion-clearfix\"><\/div><\/div><\/div><div class=\"fusion-clearfix\"><\/div><\/div><\/div><\/div><div class=\"fusion-layout-column fusion_builder_column fusion-builder-column-2 fusion_builder_column_1_1 1_1 fusion-flex-column\" style=\"--awb-bg-size:cover;--awb-width-large:100%;--awb-margin-top-large:0px;--awb-spacing-right-large:1.92%;--awb-margin-bottom-large:0px;--awb-spacing-left-large:1.92%;--awb-width-medium:100%;--awb-order-medium:0;--awb-spacing-right-medium:1.92%;--awb-spacing-left-medium:1.92%;--awb-width-small:100%;--awb-order-small:0;--awb-spacing-right-small:1.92%;--awb-spacing-left-small:1.92%;\"><div class=\"fusion-column-wrapper fusion-column-has-shadow fusion-flex-justify-content-flex-start fusion-content-layout-column\"><div class=\"fusion-content-boxes content-boxes columns row fusion-columns-3 fusion-columns-total-3 fusion-content-boxes-2 content-boxes-icon-on-top content-left has-flex-alignment fusion-delayed-animation\" style=\"--awb-backgroundcolor:var(--awb-color1);--awb-border-radius-top-left:12px;--awb-border-radius-top-right:12px;--awb-border-radius-bottom-right:12px;--awb-border-radius-bottom-left:12px;--awb-alignment:stretch;--awb-iconcolor:var(--awb-color6);--awb-margin-bottom:0px;--awb-hover-accent-color:var(--awb-color8);--awb-circle-hover-accent-color:transparent;\" data-animation-delay=\"300\" data-animationOffset=\"top-into-view\"><div style=\"--awb-backgroundcolor:var(--awb-color1);--awb-iconcolor:var(--awb-color6);\" class=\"fusion-column content-box-column content-box-column content-box-column-1 col-lg-4 col-md-4 col-sm-4 fusion-content-box-hover content-box-column-first-in-row\"><div class=\"col content-box-wrapper content-wrapper-background link-area-link-icon link-type-text icon-hover-animation-fade fusion-animated\" data-animationType=\"fadeInUp\" data-animationDuration=\"0.3\" data-animationOffset=\"top-into-view\"><div class=\"heading heading-with-icon icon-left\"><a class=\"heading-link\" href=\"https:\/\/aka-tech.com\/index.php\/controle-dacces\/\" target=\"_self\"><div aria-hidden=\"true\" class=\"image\"><img decoding=\"async\" class=\"lazyload\" src=\"data:image\/svg+xml,%3Csvg%20xmlns%3D%27http%3A%2F%2Fwww.w3.org%2F2000%2Fsvg%27%20width%3D%27989%27%20height%3D%27974%27%20viewBox%3D%270%200%20989%20974%27%3E%3Crect%20width%3D%27989%27%20height%3D%27974%27%20fill-opacity%3D%220%22%2F%3E%3C%2Fsvg%3E\" data-orig-src=\"http:\/\/aka-tech.com\/wp-content\/uploads\/2025\/12\/aaaaaaa.png\" width=\"989\" height=\"974\" alt=\"\" \/><\/div><h2 class=\"content-box-heading\" style=\"--h2_typography-font-size:24px;line-height:29px;\">Contr\u00f4le d'acc\u00e8s<\/h2><\/a><\/div><div class=\"fusion-clearfix\"><\/div><div class=\"content-container\">\n<p>Nous assurons la protection de vos b\u00e2timents avec des syst\u00e8mes de contr\u00f4le d\u2019acc\u00e8s fiables, performants et faciles \u00e0 utiliser, adapt\u00e9s \u00e0 votre organisation.<\/p>\n<\/div><div class=\"fusion-clearfix\"><\/div><a class=\" fusion-read-more\" href=\"https:\/\/aka-tech.com\/index.php\/controle-dacces\/\" target=\"_self\">Voir plus<\/a><div class=\"fusion-clearfix\"><\/div><\/div><\/div><div style=\"--awb-backgroundcolor:var(--awb-color1);--awb-iconcolor:var(--awb-color6);\" class=\"fusion-column content-box-column content-box-column content-box-column-2 col-lg-4 col-md-4 col-sm-4 fusion-content-box-hover \"><div class=\"col content-box-wrapper content-wrapper-background link-area-link-icon link-type-text icon-hover-animation-fade fusion-animated\" data-animationType=\"fadeInUp\" data-animationDuration=\"0.3\" data-animationOffset=\"top-into-view\"><div class=\"heading heading-with-icon icon-left\"><a class=\"heading-link\" href=\"https:\/\/aka-tech.com\/index.php\/detection-incendie\/\" target=\"_self\"><div aria-hidden=\"true\" class=\"image\"><img decoding=\"async\" class=\"lazyload\" src=\"data:image\/svg+xml,%3Csvg%20xmlns%3D%27http%3A%2F%2Fwww.w3.org%2F2000%2Fsvg%27%20width%3D%271011%27%20height%3D%27928%27%20viewBox%3D%270%200%201011%20928%27%3E%3Crect%20width%3D%271011%27%20height%3D%27928%27%20fill-opacity%3D%220%22%2F%3E%3C%2Fsvg%3E\" data-orig-src=\"http:\/\/aka-tech.com\/wp-content\/uploads\/2025\/12\/BOUMBOUM.png\" width=\"1011\" height=\"928\" alt=\"\" \/><\/div><h2 class=\"content-box-heading\" style=\"--h2_typography-font-size:24px;line-height:29px;\">D\u00e9tection incendie<\/h2><\/a><\/div><div class=\"fusion-clearfix\"><\/div><div class=\"content-container\">\n<p>Assurez la s\u00e9curit\u00e9 de vos locaux avec un syst\u00e8me de d\u00e9tection incendie fiable et performant, adapt\u00e9 \u00e0 vos besoins et int\u00e9grant des solutions c\u00e2bl\u00e9es, sans fil ou hybrides avec transmission d\u2019alertes personnalis\u00e9e.<\/p>\n<\/div><div class=\"fusion-clearfix\"><\/div><a class=\" fusion-read-more\" href=\"https:\/\/aka-tech.com\/index.php\/detection-incendie\/\" target=\"_self\">Voir plus<\/a><div class=\"fusion-clearfix\"><\/div><\/div><\/div><div style=\"--awb-backgroundcolor:var(--awb-color1);--awb-iconcolor:var(--awb-color6);\" class=\"fusion-column content-box-column content-box-column content-box-column-3 col-lg-4 col-md-4 col-sm-4 fusion-content-box-hover content-box-column-last content-box-column-last-in-row\"><div class=\"col content-box-wrapper content-wrapper-background link-area-link-icon link-type-text icon-hover-animation-fade fusion-animated\" data-animationType=\"fadeInUp\" data-animationDuration=\"0.3\" data-animationOffset=\"top-into-view\"><div class=\"heading heading-with-icon icon-left\"><a class=\"heading-link\" href=\"https:\/\/aka-tech.com\/index.php\/informatique\/\" target=\"_self\"><div aria-hidden=\"true\" class=\"image\"><img decoding=\"async\" class=\"lazyload\" src=\"data:image\/svg+xml,%3Csvg%20xmlns%3D%27http%3A%2F%2Fwww.w3.org%2F2000%2Fsvg%27%20width%3D%27990%27%20height%3D%27973%27%20viewBox%3D%270%200%20990%20973%27%3E%3Crect%20width%3D%27990%27%20height%3D%27973%27%20fill-opacity%3D%220%22%2F%3E%3C%2Fsvg%3E\" data-orig-src=\"http:\/\/aka-tech.com\/wp-content\/uploads\/2025\/12\/INCROYABLE.png\" width=\"990\" height=\"973\" alt=\"\" \/><\/div><h2 class=\"content-box-heading\" style=\"--h2_typography-font-size:24px;line-height:29px;\">Informatique<\/h2><\/a><\/div><div class=\"fusion-clearfix\"><\/div><div class=\"content-container\">\n<p>De l\u2019infrastructure r\u00e9seau \u00e0 la s\u00e9curit\u00e9 des syst\u00e8mes, nous ma\u00eetrisons l\u2019informatique sous toutes ses formes pour r\u00e9pondre \u00e0 vos besoins.<\/p>\n<\/div><div class=\"fusion-clearfix\"><\/div><a class=\" fusion-read-more\" href=\"https:\/\/aka-tech.com\/index.php\/informatique\/\" target=\"_self\">Voir plus<\/a><div class=\"fusion-clearfix\"><\/div><\/div><\/div><div class=\"fusion-clearfix\"><\/div><\/div><\/div><\/div><\/div><\/div><\/p>\n","protected":false},"excerpt":{"rendered":"","protected":false},"author":1,"featured_media":0,"parent":0,"menu_order":0,"comment_status":"closed","ping_status":"closed","template":"100-width.php","meta":{"footnotes":""},"class_list":["post-17","page","type-page","status-publish","hentry"],"_links":{"self":[{"href":"https:\/\/aka-tech.com\/index.php\/wp-json\/wp\/v2\/pages\/17","targetHints":{"allow":["GET"]}}],"collection":[{"href":"https:\/\/aka-tech.com\/index.php\/wp-json\/wp\/v2\/pages"}],"about":[{"href":"https:\/\/aka-tech.com\/index.php\/wp-json\/wp\/v2\/types\/page"}],"author":[{"embeddable":true,"href":"https:\/\/aka-tech.com\/index.php\/wp-json\/wp\/v2\/users\/1"}],"replies":[{"embeddable":true,"href":"https:\/\/aka-tech.com\/index.php\/wp-json\/wp\/v2\/comments?post=17"}],"version-history":[{"count":6,"href":"https:\/\/aka-tech.com\/index.php\/wp-json\/wp\/v2\/pages\/17\/revisions"}],"predecessor-version":[{"id":2406,"href":"https:\/\/aka-tech.com\/index.php\/wp-json\/wp\/v2\/pages\/17\/revisions\/2406"}],"wp:attachment":[{"href":"https:\/\/aka-tech.com\/index.php\/wp-json\/wp\/v2\/media?parent=17"}],"curies":[{"name":"wp","href":"https:\/\/api.w.org\/{rel}","templated":true}]}}